{"id":878,"date":"2020-10-10T19:33:23","date_gmt":"2020-10-10T17:33:23","guid":{"rendered":"https:\/\/astrom.link\/?page_id=3"},"modified":"2020-10-10T19:33:23","modified_gmt":"2020-10-10T17:33:23","slug":"integritetspolicy","status":"publish","type":"page","link":"https:\/\/astrom.link\/?page_id=878","title":{"rendered":"Integritetspolicy"},"content":{"rendered":"\n\n<!-- Legal document generated by Complianz | GDPR\/CCPA Cookie Consent https:\/\/wordpress.org\/plugins\/complianz-gdpr -->\n<div id=\"cmplz-document\" class=\"cmplz-document cookie-statement cmplz-document-eu\"><p><i>This Cookie Policy was last updated on November 21, 2023 and applies to citizens and legal permanent residents of the European Economic Area and Switzerland.<\/i><br><\/p><h2>1. Introduction<\/h2><p>Our website, <a href=\"https:\/\/astrom.link\">https:\/\/astrom.link<\/a> (hereinafter: \"the website\") uses cookies and other related technologies (for convenience all technologies are referred to as \"cookies\"). Cookies are also placed by third parties we have engaged. In the document below we inform you about the use of cookies on our website.<\/p><h2>2. What are cookies?<\/h2><p>A cookie is a small simple file that is sent along with pages of this website and stored by your browser on the hard drive of your computer or another device. The information stored therein may be returned to our servers or to the servers of the relevant third parties during a subsequent visit.<\/p><h2>3. What are scripts?<\/h2><p>A script is a piece of program code that is used to make our website function properly and interactively. This code is executed on our server or on your device.<\/p><h2>4. What is a web beacon?<\/h2><p>A web beacon (or a pixel tag) is a small, invisible piece of text or image on a website that is used to monitor traffic on a website. In order to do this, various data about you is stored using web beacons.<\/p><h2>5. Cookies<\/h2><p class=\"cmplz-subtitle\">5.1 Technical or functional cookies<\/p><p>Some cookies ensure that certain parts of the website work properly and that your user preferences remain known. By placing functional cookies, we make it easier for you to visit our website. This way, you do not need to repeatedly enter the same information when visiting our website and, for example, the items remain in your shopping cart until you have paid. We may place these cookies without your consent.<\/p><p class=\"cmplz-subtitle\">5.2 Marketing\/Tracking cookies<\/p><p>Marketing\/Tracking cookies are cookies or any other form of local storage, used to create user profiles to display advertising or to track the user on this website or across several websites for similar marketing purposes.<\/p><p class=\"cmplz-subtitle\">5.3 Social media<\/p><p>On our website, we have included content to promote web pages (e.g. \u201clike\u201d, \u201cpin\u201d) or share (e.g. \u201ctweet\u201d) on social networks. This content is embedded with code derived from third parties and places cookies. This content might store and process certain information for personalized advertising.<\/p><p>Please read the privacy statement of these social networks (which can change regularly) to read what they do with your (personal) data which they process using these cookies. The data that is retrieved is anonymized as much as possible.<\/p><h2>6. Placed cookies<\/h2><div id=\"cmplz-cookies-overview\"><details class=\"cmplz-dropdown cmplz-service-desc cmplz-dropdown-cookiepolicy \">\n\t<summary class=\"cmplz-service-header\"><div>\n\t\t<h3>Miscellaneous<\/h3>\n\t\t<p>Purpose pending investigation<\/p>\n\t\t<label for=\"cmplz_service_miscellaneous\" class=\"cmplz_consent_per_service_label\"><span class=\"screen-reader-text\">Consent to service miscellaneous<\/span><\/label>\n\t\t<input type=\"checkbox\" id=\"cmplz_service_miscellaneous\" class=\"cmplz-accept-service cmplz-hidden\" data-service=\"miscellaneous\" data-category=\"functional\"><\/div>\n\t<\/summary>\n\t<div class=\"cmplz-service-description\">\n\t\t<h4>Usage<\/h4>\n\t\t<p><\/p>\n\t<\/div>\n\t<div class=\"cmplz-sharing-data\">\n\t\t<h4>Sharing data<\/h4>\n\t\t<p>Sharing of data is pending investigation<\/p>\n\t<\/div>\n\t<div class=\"cookies-per-purpose\">\n    <div class=\"purpose\"><h4>Purpose pending investigation<\/h4><\/div>\n    <div class=\"name-header\">\n\t<h5>Name<\/h5>\n<\/div>\n<div class=\"name\">WP_DATA_USER_1<\/div>\n<div class=\"retention-header\">\n\t<h5>Expiration<\/h5>\n<\/div>\n<div class=\"retention\"><\/div>\n<div class=\"function-header\">\n\t<h5>Function<\/h5>\n<\/div>\n<div class=\"function\"><\/div>\n<div class=\"name-header\">\n\t<h5>Name<\/h5>\n<\/div>\n<div class=\"name\">cmplz_consenttype<\/div>\n<div class=\"retention-header\">\n\t<h5>Expiration<\/h5>\n<\/div>\n<div class=\"retention\">365 days<\/div>\n<div class=\"function-header\">\n\t<h5>Function<\/h5>\n<\/div>\n<div class=\"function\"><\/div>\n<div class=\"name-header\">\n\t<h5>Name<\/h5>\n<\/div>\n<div class=\"name\">WP_PREFERENCES_USER_1<\/div>\n<div class=\"retention-header\">\n\t<h5>Expiration<\/h5>\n<\/div>\n<div class=\"retention\"><\/div>\n<div class=\"function-header\">\n\t<h5>Function<\/h5>\n<\/div>\n<div class=\"function\"><\/div>\n<div class=\"name-header\">\n\t<h5>Name<\/h5>\n<\/div>\n<div class=\"name\">wpEmojiSettingsSupports<\/div>\n<div class=\"retention-header\">\n\t<h5>Expiration<\/h5>\n<\/div>\n<div class=\"retention\"><\/div>\n<div class=\"function-header\">\n\t<h5>Function<\/h5>\n<\/div>\n<div class=\"function\"><\/div>\n<div class=\"name-header\">\n\t<h5>Name<\/h5>\n<\/div>\n<div class=\"name\">wp-settings-1<\/div>\n<div class=\"retention-header\">\n\t<h5>Expiration<\/h5>\n<\/div>\n<div class=\"retention\"><\/div>\n<div class=\"function-header\">\n\t<h5>Function<\/h5>\n<\/div>\n<div class=\"function\"><\/div>\n<div class=\"name-header\">\n\t<h5>Name<\/h5>\n<\/div>\n<div class=\"name\">wp-settings-time-1<\/div>\n<div class=\"retention-header\">\n\t<h5>Expiration<\/h5>\n<\/div>\n<div class=\"retention\"><\/div>\n<div class=\"function-header\">\n\t<h5>Function<\/h5>\n<\/div>\n<div class=\"function\"><\/div>\n<div class=\"name-header\">\n\t<h5>Name<\/h5>\n<\/div>\n<div class=\"name\">wordpress_test_cookie<\/div>\n<div class=\"retention-header\">\n\t<h5>Expiration<\/h5>\n<\/div>\n<div class=\"retention\"><\/div>\n<div class=\"function-header\">\n\t<h5>Function<\/h5>\n<\/div>\n<div class=\"function\"><\/div>\n<div class=\"name-header\">\n\t<h5>Name<\/h5>\n<\/div>\n<div class=\"name\">cmplz_banner-status<\/div>\n<div class=\"retention-header\">\n\t<h5>Expiration<\/h5>\n<\/div>\n<div class=\"retention\">365 days<\/div>\n<div class=\"function-header\">\n\t<h5>Function<\/h5>\n<\/div>\n<div class=\"function\"><\/div>\n<div class=\"name-header\">\n\t<h5>Name<\/h5>\n<\/div>\n<div class=\"name\">cmplz_consented_services<\/div>\n<div class=\"retention-header\">\n\t<h5>Expiration<\/h5>\n<\/div>\n<div class=\"retention\">365 days<\/div>\n<div class=\"function-header\">\n\t<h5>Function<\/h5>\n<\/div>\n<div class=\"function\"><\/div>\n<div class=\"name-header\">\n\t<h5>Name<\/h5>\n<\/div>\n<div class=\"name\">cmplz_functional<\/div>\n<div class=\"retention-header\">\n\t<h5>Expiration<\/h5>\n<\/div>\n<div class=\"retention\">365 days<\/div>\n<div class=\"function-header\">\n\t<h5>Function<\/h5>\n<\/div>\n<div class=\"function\"><\/div>\n<div class=\"name-header\">\n\t<h5>Name<\/h5>\n<\/div>\n<div class=\"name\">cmplz_marketing<\/div>\n<div class=\"retention-header\">\n\t<h5>Expiration<\/h5>\n<\/div>\n<div class=\"retention\">365 days<\/div>\n<div class=\"function-header\">\n\t<h5>Function<\/h5>\n<\/div>\n<div class=\"function\"><\/div>\n<div class=\"name-header\">\n\t<h5>Name<\/h5>\n<\/div>\n<div class=\"name\">cmplz_policy_id<\/div>\n<div class=\"retention-header\">\n\t<h5>Expiration<\/h5>\n<\/div>\n<div class=\"retention\">365 days<\/div>\n<div class=\"function-header\">\n\t<h5>Function<\/h5>\n<\/div>\n<div class=\"function\"><\/div>\n<div class=\"name-header\">\n\t<h5>Name<\/h5>\n<\/div>\n<div class=\"name\">cmplz_preferences<\/div>\n<div class=\"retention-header\">\n\t<h5>Expiration<\/h5>\n<\/div>\n<div class=\"retention\">365 days<\/div>\n<div class=\"function-header\">\n\t<h5>Function<\/h5>\n<\/div>\n<div class=\"function\"><\/div>\n<div class=\"name-header\">\n\t<h5>Name<\/h5>\n<\/div>\n<div class=\"name\">cmplz_statistics<\/div>\n<div class=\"retention-header\">\n\t<h5>Expiration<\/h5>\n<\/div>\n<div class=\"retention\">365 days<\/div>\n<div class=\"function-header\">\n\t<h5>Function<\/h5>\n<\/div>\n<div class=\"function\"><\/div>\n<div class=\"name-header\">\n\t<h5>Name<\/h5>\n<\/div>\n<div class=\"name\">wordpress_logged_in_33a3d80fdc4154c032960c12a4f39cbb<\/div>\n<div class=\"retention-header\">\n\t<h5>Expiration<\/h5>\n<\/div>\n<div class=\"retention\"><\/div>\n<div class=\"function-header\">\n\t<h5>Function<\/h5>\n<\/div>\n<div class=\"function\"><\/div>\n<div class=\"name-header\">\n\t<h5>Name<\/h5>\n<\/div>\n<div class=\"name\">redirect<\/div>\n<div class=\"retention-header\">\n\t<h5>Expiration<\/h5>\n<\/div>\n<div class=\"retention\"><\/div>\n<div class=\"function-header\">\n\t<h5>Function<\/h5>\n<\/div>\n<div class=\"function\"><\/div>\n<div class=\"name-header\">\n\t<h5>Name<\/h5>\n<\/div>\n<div class=\"name\">testing<\/div>\n<div class=\"retention-header\">\n\t<h5>Expiration<\/h5>\n<\/div>\n<div class=\"retention\"><\/div>\n<div class=\"function-header\">\n\t<h5>Function<\/h5>\n<\/div>\n<div class=\"function\"><\/div>\n<div class=\"name-header\">\n\t<h5>Name<\/h5>\n<\/div>\n<div class=\"name\">sid<\/div>\n<div class=\"retention-header\">\n\t<h5>Expiration<\/h5>\n<\/div>\n<div class=\"retention\"><\/div>\n<div class=\"function-header\">\n\t<h5>Function<\/h5>\n<\/div>\n<div class=\"function\"><\/div>\n\n<\/div>\n<\/details>\n<\/div><h2>7. Consent<\/h2><p>When you visit our website for the first time, we will show you a pop-up with an explanation about cookies. As soon as you click on \"Save preferences\", you consent to us using the categories of cookies and plug-ins you selected in the pop-up, as described in this Cookie Policy. You can disable the use of cookies via your browser, but please note that our website may no longer work properly.<\/p><p class=\"cmplz-subtitle\">7.1 Manage your consent settings<\/p><div id=\"cmplz-manage-consent-container-nojavascript\">You have loaded the Cookie Policy without javascript support.&nbsp;On AMP, you can use the manage consent button on the bottom of the page.<\/div><div id=\"cmplz-manage-consent-container\" class=\"cmplz-manage-consent-container\"><\/div><h2>8. Enabling\/disabling and deleting cookies<\/h2><p>You can use your internet browser to automatically or manually delete cookies. You can also specify that certain cookies may not be placed. Another option is to change the settings of your internet browser so that you receive a message each time a cookie is placed. For more information about these options, please refer to the instructions in the Help section of your browser.<\/p><p>Please note that our website may not work properly if all cookies are disabled. If you do delete the cookies in your browser, they will be placed again after your consent when you visit our website again.<\/p><h2>9. Your rights with respect to personal data<\/h2><p>You have the following rights with respect to your personal data:<\/p><ul>\n                    <li>You have the right to know why your personal data is needed, what will happen to it, and how long it will be retained for.<\/li>\n                    <li>Right of access: You have the right to access your personal data that is known to us.<\/li>\n                    <li>Right to rectification: you have the right to supplement, correct, have deleted or blocked your personal data whenever you wish.<\/li>\n                    <li>If you give us your consent to process your data, you have the right to revoke that consent and to have your personal data deleted.<\/li>\n                    <li>Right to transfer your data: you have the right to request all your personal data from the controller and transfer it in its entirety to another controller.<\/li>\n                    <li>Right to object: you may object to the processing of your data. We comply with this, unless there are justified grounds for processing.<\/li>\n                <\/ul><p>To exercise these rights, please contact us. Please refer to the contact details at the bottom of this Cookie Policy. If you have a complaint about how we handle your data, we would like to hear from you, but you also have the right to submit a complaint to the supervisory authority (the Data Protection Authority).<\/p><h2>10. Contact details<\/h2><p>For questions and\/or comments about our Cookie Policy and this statement, please contact us by using the following contact details:<\/p><p><span class=\"cmplz-contact-organisation\">Provim AB<\/span><br>\n                      <span class=\"cmplz-contact-address\">C\/O Daniel \u00c5str\u00f6m<br \/>\r\nOxhagsgatan 145<br \/>\r\n56150 Huskvarna<br \/>\r\nSweden<\/span><br>\n                      <span class=\"cmplz-contact-country\">Sweden<\/span><br>\n                      <span class=\"cmplz-contact-domain\">Website: <a href=\"https:\/\/astrom.link\">https:\/\/astrom.link<\/a><\/span><br>\n                      <span class=\"cmplz-contact-email\">Email: <span class=\"cmplz-obfuscate\">&#100;an&#105;el@<span class=\"cmplz-fmail-domain\">&#101;x&#046;c&#111;m<\/span>&#097;&#115;t&#114;&#111;&#109;&#046;l&#105;&#110;k<\/span><\/span><br>\n                    <span class=\"cmplz-contact-telephone\">Phone number: +46709823977<\/span><\/p><p>This Cookie Policy was synchronized with <a href=\"https:\/\/cookiedatabase.org\/\" target=\"_blank\">cookiedatabase.org<\/a> on (not synced yet).<\/p><\/div>\n\n\n\n<h2 class=\"wp-block-heading\">Vilka vi \u00e4r<\/h2>\n\n\n\n<p>V\u00e5r webbplatsadress \u00e4r: https:\/\/astrom.link.<\/p>\n\n\n\n<h2 class=\"wp-block-heading\">Vilka personuppgifter vi samlar in och varf\u00f6r vi samlar in dem<\/h2>\n\n\n\n<h3 class=\"wp-block-heading\">Cookie-filer<\/h3>\n\n\n\n<p>Om du bes\u00f6ker v\u00e5r inloggningssida kommer vi att s\u00e4tta en tillf\u00e4llig cookie f\u00f6r att unders\u00f6ka om din webbl\u00e4sare accepterar dem. Denna cookie inneh\u00e5ller inga personuppgifter och den f\u00f6rsvinner n\u00e4r du st\u00e4nger din webbl\u00e4sare.<\/p>\n\n\n\n<p><\/p>\n\n\n\n<p>Om du redigerar eller publicerar en artikel kommer en extra cookie-fil att sparas i din webbl\u00e4sare. Denna cookie-fil inneh\u00e5ller inga personuppgifter utan anger endast inl\u00e4ggs-ID f\u00f6r den artikel du just redigerade. Den g\u00e4ller under 1 dygn.<\/p>\n\n\n\n<h3 class=\"wp-block-heading\">Inb\u00e4ddad inneh\u00e5ll fr\u00e5n andra webbplatser<\/h3>\n\n\n\n<p>Artiklar p\u00e5 denna webbplats kan inneh\u00e5lla inb\u00e4ddat inneh\u00e5ll (exempelvis videoklipp, bilder, artiklar o.s.v.). Inb\u00e4ddat inneh\u00e5ll fr\u00e5n andra webbplatser beter sig precis p\u00e5 samma s\u00e4tt som om bes\u00f6karen har bes\u00f6kt den andra webbplatsen.<\/p>\n\n\n\n<p>Dessa webbplatser kan samla in uppgifter om dig, anv\u00e4nda cookie-filer, b\u00e4dda in ytterligare sp\u00e5rning fr\u00e5n tredje part och \u00f6vervaka din interaktion med sagda inb\u00e4ddade inneh\u00e5ll, inklusive sp\u00e5rning av din interaktion med detta inb\u00e4ddade inneh\u00e5ll om du har ett konto och \u00e4r inloggad p\u00e5 webbplatsen i fr\u00e5ga.<\/p>\n\n\n\n<h3 class=\"wp-block-heading\">Analys<\/h3>\n\n\n\n<h2 class=\"wp-block-heading\">Vilka vi delar dina data med<\/h2>\n\n\n\n<p>Google fonts<\/p>\n\n\n\n<h2 class=\"wp-block-heading\">Hur l\u00e4nge vi beh\u00e5ller era uppgifter<\/h2>\n\n\n\n<p>Om du skriver en kommentar kommer kommentaren och dess metadata att sparas utan tidsgr\u00e4ns. Anledningen till detta \u00e4r att vi beh\u00f6ver kunna hitta och godk\u00e4nna uppf\u00f6ljningskommentarer automatiskt och inte l\u00e4gga dem i k\u00f6 f\u00f6r granskning.<\/p>\n\n\n\n<p>F\u00f6r anv\u00e4ndare som registrerar sig p\u00e5 er webbplats (om s\u00e5dana finns) sparar vi \u00e4ven de personuppgifter de anger i sin anv\u00e4ndarprofil. Alla anv\u00e4ndare kan se, redigera eller radera sina personuppgifter n\u00e4r som helst (med undantaget att de inte kan \u00e4ndra sitt anv\u00e4ndarnamn). \u00c4ven webbplatsens administrat\u00f6rer kan se och redigera denna information.<\/p>\n\n\n\n<h2 class=\"wp-block-heading\">Vilka r\u00e4ttigheter du har \u00f6ver dina data<\/h2>\n\n\n\n<p>Om du har ett konto eller har skrivit n\u00e5gra kommentarer p\u00e5 denna webbplats kan du beg\u00e4ra en exportfil med de personuppgifter vi har om dig, inklusive alla uppgifter du har gett oss. Du kan ocks\u00e5 beg\u00e4ra att vi tar bort alla personuppgifter vi har om dig. Detta omfattar inte eventuella uppgifter som vi \u00e4r tvungna att spara av administrativa, legala eller s\u00e4kerhets\u00e4ndam\u00e5l.<\/p>\n\n\n\n<h2 class=\"wp-block-heading\">Vart vi skickar dina upgifter<\/h2>\n\n\n\n<p>Vi skickar inte dina uppgifter till n\u00e5gon extern partner.<\/p>\n\n\n\n<p><\/p>\n\n\n\n<h2 class=\"wp-block-heading\">Din kontaktinformation<\/h2>\n\n\n\n<p>Den enda kontakt information vi sparar \u00e4r i det fall att Ni kontaktar oss via epost eller telefonnummer, och de uppgifter Ni d\u00e5 delar med oss.<\/p>\n\n\n\n<h2 class=\"wp-block-heading\">Ytterligare information<\/h2>\n\n\n\n<h3 class=\"wp-block-heading\">Hur vi skyddar din information<\/h3>\n\n\n\n<p>Vi delger inte v\u00e5r information med utomst\u00e5ende.<\/p>\n\n\n\n<h3 class=\"wp-block-heading\">Vilka procedurer vi har f\u00f6r datal\u00e4ckor<\/h3>\n\n\n\n<p>Vi f\u00f6ljer de procedurer som kr\u00e4vs av g\u00e4llande lagstiftning och myndighets-regler.<\/p>\n","protected":false},"excerpt":{"rendered":"<p>Vilka vi \u00e4r V\u00e5r webbplatsadress \u00e4r: https:\/\/astrom.link. Vilka personuppgifter vi samlar in och varf\u00f6r vi samlar in dem Cookie-filer Om du bes\u00f6ker v\u00e5r inloggningssida kommer vi att s\u00e4tta en tillf\u00e4llig cookie f\u00f6r att unders\u00f6ka om din webbl\u00e4sare accepterar dem. Denna cookie inneh\u00e5ller inga personuppgifter och den f\u00f6rsvinner n\u00e4r du st\u00e4nger din webbl\u00e4sare. Om du redigerar [&hellip;]<\/p>\n","protected":false},"author":1,"featured_media":0,"parent":0,"menu_order":0,"comment_status":"closed","ping_status":"open","template":"","meta":{"site-sidebar-layout":"default","site-content-layout":"","ast-site-content-layout":"","site-content-style":"default","site-sidebar-style":"default","ast-global-header-display":"","ast-banner-title-visibility":"","ast-main-header-display":"","ast-hfb-above-header-display":"","ast-hfb-below-header-display":"","ast-hfb-mobile-header-display":"","site-post-title":"","ast-breadcrumbs-content":"","ast-featured-img":"","footer-sml-layout":"","theme-transparent-header-meta":"","adv-header-id-meta":"","stick-header-meta":"","header-above-stick-meta":"","header-main-stick-meta":"","header-below-stick-meta":"","astra-migrate-meta-layouts":"default","ast-page-background-enabled":"default","ast-page-background-meta":{"desktop":{"background-color":"var(--ast-global-color-4)","background-image":"","background-repeat":"repeat","background-position":"center center","background-size":"auto","background-attachment":"scroll","background-type":"","background-media":"","overlay-type":"","overlay-color":"","overlay-opacity":"","overlay-gradient":""},"tablet":{"background-color":"","background-image":"","background-repeat":"repeat","background-position":"center center","background-size":"auto","background-attachment":"scroll","background-type":"","background-media":"","overlay-type":"","overlay-color":"","overlay-opacity":"","overlay-gradient":""},"mobile":{"background-color":"","background-image":"","background-repeat":"repeat","background-position":"center center","background-size":"auto","background-attachment":"scroll","background-type":"","background-media":"","overlay-type":"","overlay-color":"","overlay-opacity":"","overlay-gradient":""}},"ast-content-background-meta":{"desktop":{"background-color":"var(--ast-global-color-5)","background-image":"","background-repeat":"repeat","background-position":"center center","background-size":"auto","background-attachment":"scroll","background-type":"","background-media":"","overlay-type":"","overlay-color":"","overlay-opacity":"","overlay-gradient":""},"tablet":{"background-color":"var(--ast-global-color-5)","background-image":"","background-repeat":"repeat","background-position":"center center","background-size":"auto","background-attachment":"scroll","background-type":"","background-media":"","overlay-type":"","overlay-color":"","overlay-opacity":"","overlay-gradient":""},"mobile":{"background-color":"var(--ast-global-color-5)","background-image":"","background-repeat":"repeat","background-position":"center center","background-size":"auto","background-attachment":"scroll","background-type":"","background-media":"","overlay-type":"","overlay-color":"","overlay-opacity":"","overlay-gradient":""}},"footnotes":""},"class_list":["post-878","page","type-page","status-publish","hentry"],"_links":{"self":[{"href":"https:\/\/astrom.link\/index.php?rest_route=\/wp\/v2\/pages\/878","targetHints":{"allow":["GET"]}}],"collection":[{"href":"https:\/\/astrom.link\/index.php?rest_route=\/wp\/v2\/pages"}],"about":[{"href":"https:\/\/astrom.link\/index.php?rest_route=\/wp\/v2\/types\/page"}],"author":[{"embeddable":true,"href":"https:\/\/astrom.link\/index.php?rest_route=\/wp\/v2\/users\/1"}],"replies":[{"embeddable":true,"href":"https:\/\/astrom.link\/index.php?rest_route=%2Fwp%2Fv2%2Fcomments&post=878"}],"version-history":[{"count":0,"href":"https:\/\/astrom.link\/index.php?rest_route=\/wp\/v2\/pages\/878\/revisions"}],"wp:attachment":[{"href":"https:\/\/astrom.link\/index.php?rest_route=%2Fwp%2Fv2%2Fmedia&parent=878"}],"curies":[{"name":"wp","href":"https:\/\/api.w.org\/{rel}","templated":true}]}}